{"id":197,"date":"2024-04-22T09:06:25","date_gmt":"2024-04-22T09:06:25","guid":{"rendered":"https:\/\/andrewmay73.com\/?page_id=197"},"modified":"2024-06-06T13:52:00","modified_gmt":"2024-06-06T13:52:00","slug":"chi-sono","status":"publish","type":"page","link":"https:\/\/andrewmay73.com\/it\/chi-sono\/","title":{"rendered":"Chi Sono"},"content":{"rendered":"\t\t<div data-elementor-type=\"wp-page\" data-elementor-id=\"197\" class=\"elementor elementor-197\" data-elementor-post-type=\"page\">\n\t\t\t\t<div class=\"elementor-element elementor-element-2f8b17a6 e-con-full e-flex e-con e-parent\" data-id=\"2f8b17a6\" data-element_type=\"container\" data-settings=\"{&quot;background_background&quot;:&quot;classic&quot;}\">\n\t\t<div class=\"elementor-element elementor-element-2d83b250 e-con-full e-flex e-con e-child\" data-id=\"2d83b250\" data-element_type=\"container\">\n\t\t\t\t<div class=\"elementor-element elementor-element-231aa2e elementor-widget elementor-widget-heading\" data-id=\"231aa2e\" data-element_type=\"widget\" data-widget_type=\"heading.default\">\n\t\t\t\t<div class=\"elementor-widget-container\">\n\t\t\t<h2 class=\"elementor-heading-title elementor-size-default\">Chi Sono<\/h2>\t\t<\/div>\n\t\t\t\t<\/div>\n\t\t\t\t<div class=\"elementor-element elementor-element-9034ead elementor-invisible elementor-widget elementor-widget-text-editor\" data-id=\"9034ead\" data-element_type=\"widget\" data-settings=\"{&quot;_animation&quot;:&quot;fadeInLeft&quot;}\" data-widget_type=\"text-editor.default\">\n\t\t\t\t<div class=\"elementor-widget-container\">\n\t\t\t\t\t\t\t<p>Mi chiamo Andrea Mei e nasco come chef di cucina professionista con una lunga carriera internazionale.<\/p><p>Dal 2006 colleziono e studio filatelia con un focus su area classica estera: Stati Uniti, Regno Unito, Commonwealth e pi\u00f9 in generale classici di Svizzera, Francia, Giappone, paesi scandinavi e Islanda.<\/p><p>La mia passione e la mia voglia di confrontarmi con questo mondo particolare e affascinante, mi ha permesso di acquisire una certa competenza senza farmi perdere alcun entusiasmo e la voglia di imparare.<\/p><p>Per me, e spero lo diventi anche per voi, questo non \u00e8 un semplice negozietto ma un luogo dove condensare la mia voglia di vivere la filatelia attraverso, non solo le vendite, ma anche attraverso la divulgazione del mio canale youtube dedicato e la condivisione del mio gruppo filatelico su Facebook nato il 23 dicembre 2008.<\/p><p>Buona filatelia a tutti!<\/p>\t\t\t\t\t\t<\/div>\n\t\t\t\t<\/div>\n\t\t\t\t<div class=\"elementor-element elementor-element-9cd86e5 elementor-widget elementor-widget-image\" data-id=\"9cd86e5\" data-element_type=\"widget\" data-widget_type=\"image.default\">\n\t\t\t\t<div class=\"elementor-widget-container\">\n\t\t\t\t\t\t\t\t\t\t\t\t\t<img fetchpriority=\"high\" decoding=\"async\" width=\"800\" height=\"515\" src=\"https:\/\/andrewmay73.com\/wp-content\/uploads\/2024\/06\/sfondi-12-1024x659.jpg\" class=\"attachment-large size-large wp-image-813\" alt=\"\" srcset=\"https:\/\/andrewmay73.com\/wp-content\/uploads\/2024\/06\/sfondi-12-1024x659.jpg 1024w, https:\/\/andrewmay73.com\/wp-content\/uploads\/2024\/06\/sfondi-12-300x193.jpg 300w, https:\/\/andrewmay73.com\/wp-content\/uploads\/2024\/06\/sfondi-12-768x495.jpg 768w, https:\/\/andrewmay73.com\/wp-content\/uploads\/2024\/06\/sfondi-12-1536x989.jpg 1536w, https:\/\/andrewmay73.com\/wp-content\/uploads\/2024\/06\/sfondi-12-2048x1319.jpg 2048w, https:\/\/andrewmay73.com\/wp-content\/uploads\/2024\/06\/sfondi-12-600x386.jpg 600w\" sizes=\"(max-width: 800px) 100vw, 800px\" \/>\t\t\t\t\t\t\t\t\t\t\t\t\t<\/div>\n\t\t\t\t<\/div>\n\t\t\t\t<\/div>\n\t\t<div class=\"elementor-element elementor-element-78aeb605 e-con-full e-flex e-con e-child\" data-id=\"78aeb605\" data-element_type=\"container\" data-settings=\"{&quot;background_background&quot;:&quot;classic&quot;}\">\n\t\t\t\t<\/div>\n\t\t\t\t<\/div>\n\t\t<div class=\"elementor-element elementor-element-f8366f1 e-con-full e-flex e-con e-parent\" data-id=\"f8366f1\" data-element_type=\"container\" data-settings=\"{&quot;background_background&quot;:&quot;classic&quot;}\">\n\t\t<div class=\"elementor-element elementor-element-a615ccd e-con-full e-flex e-con e-child\" data-id=\"a615ccd\" data-element_type=\"container\">\n\t\t\t\t<div class=\"elementor-element elementor-element-bf7ab65 elementor-widget elementor-widget-heading\" data-id=\"bf7ab65\" data-element_type=\"widget\" data-widget_type=\"heading.default\">\n\t\t\t\t<div class=\"elementor-widget-container\">\n\t\t\t<h3 class=\"elementor-heading-title elementor-size-default\">UNA STORIELLA DI ORDINARIA FILATELIA <\/h3>\t\t<\/div>\n\t\t\t\t<\/div>\n\t\t\t\t<div class=\"elementor-element elementor-element-ee1f94c elementor-invisible elementor-widget elementor-widget-text-editor\" data-id=\"ee1f94c\" data-element_type=\"widget\" data-settings=\"{&quot;_animation&quot;:&quot;fadeInLeft&quot;}\" data-widget_type=\"text-editor.default\">\n\t\t\t\t<div class=\"elementor-widget-container\">\n\t\t\t\t\t\t\t<p>La mia avventura filatelica nasce nel 2006.<\/p><p>Mi capit\u00f2 per caso in mano un raccoglitore di francobolli , quello che oggi definirei: \u201caccumulo disordinato di materiale comunissimo e privo di valore commerciale\u201d.<\/p><p>Per me fu una folgorazione! \u00a0Incantato da quei minuscoli coriandoli colorati di tutto il mondo e di epoche diverse, scatt\u00f2 in me una scintilla che non si \u00e8 pi\u00f9 spenta.<\/p><p>Oltre a procurarmi materiale da inserire in collezione cominciai a investire sulla letteratura filatelica da tutto il mondo rimanendo sbalordito dalla vastit\u00e0 di questa materia.<\/p><p>Cominciai a scambiare e vendere materiale in esubero per poter alimentare la mia piccola collezione diventando, passo dopo passo, sempre pi\u00f9 documentato e quindi capace.<\/p><p>Da semplice collezionista base sono diventato collezionista avanzato e da diversi ani anche venditore professionale.<\/p><p>Amo definire il mio piccolo business di tipo \u201cC to C\u201d ovvero da collezionista a collezionista J<\/p><p>Vi lascio con il mio consueto augurio di Buona Filatelia.<\/p>\t\t\t\t\t\t<\/div>\n\t\t\t\t<\/div>\n\t\t\t\t<\/div>\n\t\t<div class=\"elementor-element elementor-element-3f3a094 e-con-full e-flex e-con e-child\" data-id=\"3f3a094\" data-element_type=\"container\" data-settings=\"{&quot;background_background&quot;:&quot;classic&quot;}\">\n\t\t\t\t<\/div>\n\t\t\t\t<\/div>\n\t\t<div class=\"elementor-element elementor-element-9290c89 e-con-full e-flex e-con e-parent\" data-id=\"9290c89\" data-element_type=\"container\" data-settings=\"{&quot;background_background&quot;:&quot;classic&quot;}\">\n\t\t<div class=\"elementor-element elementor-element-4de4377 e-con-full e-flex e-con e-child\" data-id=\"4de4377\" data-element_type=\"container\" data-settings=\"{&quot;background_background&quot;:&quot;classic&quot;}\">\n\t\t\t\t<\/div>\n\t\t<div class=\"elementor-element elementor-element-ffaa305 e-con-full e-flex e-con e-child\" data-id=\"ffaa305\" data-element_type=\"container\">\n\t\t\t\t<div class=\"elementor-element elementor-element-458a025 elementor-widget elementor-widget-heading\" data-id=\"458a025\" data-element_type=\"widget\" data-widget_type=\"heading.default\">\n\t\t\t\t<div class=\"elementor-widget-container\">\n\t\t\t<h3 class=\"elementor-heading-title elementor-size-default\">FRANCOBOLLI CHE PASSIONE (gruppo Facebook)<\/h3>\t\t<\/div>\n\t\t\t\t<\/div>\n\t\t\t\t<div class=\"elementor-element elementor-element-b686ba1 elementor-invisible elementor-widget elementor-widget-text-editor\" data-id=\"b686ba1\" data-element_type=\"widget\" data-settings=\"{&quot;_animation&quot;:&quot;fadeInRight&quot;}\" data-widget_type=\"text-editor.default\">\n\t\t\t\t<div class=\"elementor-widget-container\">\n\t\t\t\t\t\t\t<p>Gruppo di facebook creato il 23 dicembre 2008 che conta circa 6000 iscritti collezionisti, principalmente italiani. Marchio registrato dal 2016.<\/p><p>Negli anni abbiamo cercato di includere solo persone collezioniste o interessate al collezionismo per dar modo di creare maggiore interesse e partecipazione.<\/p><p>Un\u2019ottima vetrina per le proprie vendite o per cercare materiale. Vi invito a iscrivervi rispondendo alle tre semplicissime domande.<\/p>\t\t\t\t\t\t<\/div>\n\t\t\t\t<\/div>\n\t\t\t\t<div class=\"elementor-element elementor-element-50fc480 elementor-invisible elementor-widget elementor-widget-button\" data-id=\"50fc480\" data-element_type=\"widget\" data-settings=\"{&quot;_animation&quot;:&quot;fadeInRight&quot;}\" data-widget_type=\"button.default\">\n\t\t\t\t<div class=\"elementor-widget-container\">\n\t\t\t\t\t<div class=\"elementor-button-wrapper\">\n\t\t\t<a class=\"elementor-button elementor-button-link elementor-size-sm\" href=\"https:\/\/www.facebook.com\/groups\/francobollichepassione\">\n\t\t\t\t\t\t<span class=\"elementor-button-content-wrapper\">\n\t\t\t\t\t\t\t\t\t<span class=\"elementor-button-text\">Vai al gruppo<\/span>\n\t\t\t\t\t<\/span>\n\t\t\t\t\t<\/a>\n\t\t<\/div>\n\t\t\t\t<\/div>\n\t\t\t\t<\/div>\n\t\t\t\t<div class=\"elementor-element elementor-element-3cb3dc2 elementor-widget elementor-widget-heading\" data-id=\"3cb3dc2\" data-element_type=\"widget\" data-widget_type=\"heading.default\">\n\t\t\t\t<div class=\"elementor-widget-container\">\n\t\t\t<h3 class=\"elementor-heading-title elementor-size-default\">FRANCOBOLLI CHE PASSIONE (canale youtube)  <\/h3>\t\t<\/div>\n\t\t\t\t<\/div>\n\t\t\t\t<div class=\"elementor-element elementor-element-a951413 elementor-invisible elementor-widget elementor-widget-text-editor\" data-id=\"a951413\" data-element_type=\"widget\" data-settings=\"{&quot;_animation&quot;:&quot;fadeInRight&quot;}\" data-widget_type=\"text-editor.default\">\n\t\t\t\t<div class=\"elementor-widget-container\">\n\t\t\t\t\t\t\t<p>Nato da pochi mesi \u00e8 un progetto al quale, per ragioni di impegni lavorativi, sto dedicando pochissimo tempo e che, nonostante la premessa non sia incoraggiante, sta raccogliendo insospettabili adesioni.<\/p><p>Mentre scrivo questa presentazione ho pubblicato 19 video e (per me) , un minuscolo ma comunque incredibile numero di \u00a0iscritti, totalizzando gi\u00e0 diverse migliaia di visualizzazioni.<\/p><p>Anche se questi numeri possono sembrare ridicoli, non lo sono affatto se si pensa a innanzitutto quanto sia ultrasettoriale il nostro mondo, e in secondo luogo il fatto che i video sono solo in italiano.<\/p><p>Per me \u00e8 fondamentale che vi iscriviate e non per chiss\u00e0 quale velleit\u00e0, quanto piuttosto per avere uno stimolo reciproco a fare meglio e a imparare di pi\u00f9 sulla filatelia.\u00a0 \u00a0<\/p>\t\t\t\t\t\t<\/div>\n\t\t\t\t<\/div>\n\t\t\t\t<div class=\"elementor-element elementor-element-7cfece2 elementor-invisible elementor-widget elementor-widget-button\" data-id=\"7cfece2\" data-element_type=\"widget\" data-settings=\"{&quot;_animation&quot;:&quot;fadeInRight&quot;}\" data-widget_type=\"button.default\">\n\t\t\t\t<div class=\"elementor-widget-container\">\n\t\t\t\t\t<div class=\"elementor-button-wrapper\">\n\t\t\t<a class=\"elementor-button elementor-button-link elementor-size-sm\" href=\"https:\/\/www.youtube.com\/channel\/UCH2PoHE33G0OHWwnYT0fXnw\">\n\t\t\t\t\t\t<span class=\"elementor-button-content-wrapper\">\n\t\t\t\t\t\t\t\t\t<span class=\"elementor-button-text\">Vai al canale<\/span>\n\t\t\t\t\t<\/span>\n\t\t\t\t\t<\/a>\n\t\t<\/div>\n\t\t\t\t<\/div>\n\t\t\t\t<\/div>\n\t\t\t\t<\/div>\n\t\t\t\t<\/div>\n\t\t<div class=\"elementor-element elementor-element-b2993f8 e-con-full e-flex e-con e-parent\" data-id=\"b2993f8\" data-element_type=\"container\" data-settings=\"{&quot;background_background&quot;:&quot;classic&quot;}\">\n\t\t<div class=\"elementor-element elementor-element-7ee6b64 e-con-full e-flex e-con e-child\" data-id=\"7ee6b64\" data-element_type=\"container\">\n\t\t\t\t<div class=\"elementor-element elementor-element-79551b6 elementor-widget elementor-widget-heading\" data-id=\"79551b6\" data-element_type=\"widget\" data-widget_type=\"heading.default\">\n\t\t\t\t<div class=\"elementor-widget-container\">\n\t\t\t<h3 class=\"elementor-heading-title elementor-size-default\">ANDREWMAY73: FRANCOBOLLI E DIVULGAZIONE FILATELICA (pagina dedicata alle vendite su facebook) <\/h3>\t\t<\/div>\n\t\t\t\t<\/div>\n\t\t\t\t<div class=\"elementor-element elementor-element-1af2d03 elementor-invisible elementor-widget elementor-widget-text-editor\" data-id=\"1af2d03\" data-element_type=\"widget\" data-settings=\"{&quot;_animation&quot;:&quot;fadeInRight&quot;}\" data-widget_type=\"text-editor.default\">\n\t\t\t\t<div class=\"elementor-widget-container\">\n\t\t\t\t\t\t\t<p>Questa pagina \u00e8 nata nell\u2019estate del 2023 ed \u00e8 dedicata alla vendita di materiale che non troverete necessariamente su Delcampe o in questo sito.<\/p><p>Normalmente si tratta di materiale pi\u00f9 \u201ceasy\u201d ma anche piccole ultra specializzazioni. Non di rado partono.<\/p>\t\t\t\t\t\t<\/div>\n\t\t\t\t<\/div>\n\t\t\t\t<div class=\"elementor-element elementor-element-b7b87c3 elementor-invisible elementor-widget elementor-widget-button\" data-id=\"b7b87c3\" data-element_type=\"widget\" data-settings=\"{&quot;_animation&quot;:&quot;fadeInRight&quot;}\" data-widget_type=\"button.default\">\n\t\t\t\t<div class=\"elementor-widget-container\">\n\t\t\t\t\t<div class=\"elementor-button-wrapper\">\n\t\t\t<a class=\"elementor-button elementor-button-link elementor-size-sm\" href=\"https:\/\/www.facebook.com\/profile.php?id=61550925355503\">\n\t\t\t\t\t\t<span class=\"elementor-button-content-wrapper\">\n\t\t\t\t\t\t\t\t\t<span class=\"elementor-button-text\">Vai al gruppo<\/span>\n\t\t\t\t\t<\/span>\n\t\t\t\t\t<\/a>\n\t\t<\/div>\n\t\t\t\t<\/div>\n\t\t\t\t<\/div>\n\t\t\t\t<\/div>\n\t\t<div class=\"elementor-element elementor-element-2eaf906 e-con-full e-flex e-con e-child\" data-id=\"2eaf906\" data-element_type=\"container\">\n\t\t\t\t<div class=\"elementor-element elementor-element-db56821 elementor-widget elementor-widget-heading\" data-id=\"db56821\" data-element_type=\"widget\" data-widget_type=\"heading.default\">\n\t\t\t\t<div class=\"elementor-widget-container\">\n\t\t\t<h3 class=\"elementor-heading-title elementor-size-default\">LA MIA COLLEZIONE <\/h3>\t\t<\/div>\n\t\t\t\t<\/div>\n\t\t\t\t<div class=\"elementor-element elementor-element-1e319fd elementor-invisible elementor-widget elementor-widget-text-editor\" data-id=\"1e319fd\" data-element_type=\"widget\" data-settings=\"{&quot;_animation&quot;:&quot;fadeInRight&quot;}\" data-widget_type=\"text-editor.default\">\n\t\t\t\t<div class=\"elementor-widget-container\">\n\t\t\t\t\t\t\t<p>Potrebbe sembrare una cosa inutile o fuori luogo ma proprio perch\u00e9 mi considero un collezionista al servizio degli altri collezionisti, trovo opportuno dirvi cosa colleziono dal 2006.<\/p><p>Da oramai due decenni raccolgo francobolli U.S.A. usati dai Provvisionals al 1899 (no protettorati) con studio dei timbri e degli splendidi \u201cFancy Cancellations\u201d.<\/p><p>Oltre a questo raccolgo in maniera puramente hobbistica, Pre-Cancelled degli Stati Uniti e PERFIN di tutto il mondo.<\/p>\t\t\t\t\t\t<\/div>\n\t\t\t\t<\/div>\n\t\t\t\t<\/div>\n\t\t\t\t<\/div>\n\t\t\t\t<\/div>\n\t\t","protected":false},"excerpt":{"rendered":"<p>Chi Sono Mi chiamo Andrea Mei e nasco come chef di cucina professionista con una lunga carriera internazionale. Dal 2006 colleziono e studio filatelia con un focus su area classica estera: Stati Uniti, Regno Unito, Commonwealth e pi\u00f9 in generale classici di Svizzera, Francia, Giappone, paesi scandinavi e Islanda. La mia passione e la mia [&hellip;]<\/p>\n","protected":false},"author":1,"featured_media":0,"parent":0,"menu_order":0,"comment_status":"closed","ping_status":"closed","template":"elementor_header_footer","meta":{"footnotes":""},"class_list":["post-197","page","type-page","status-publish","hentry"],"yoast_head":"<!-- This site is optimized with the Yoast SEO plugin v23.7 - https:\/\/yoast.com\/wordpress\/plugins\/seo\/ -->\n<title>Chi Sono - AndrewMay73<\/title>\n<meta name=\"robots\" content=\"index, follow, max-snippet:-1, max-image-preview:large, max-video-preview:-1\" \/>\n<link rel=\"canonical\" href=\"https:\/\/andrewmay73.com\/chi-sono\/\" \/>\n<meta property=\"og:locale\" content=\"it_IT\" \/>\n<meta property=\"og:type\" content=\"article\" \/>\n<meta property=\"og:title\" content=\"Chi Sono - AndrewMay73\" \/>\n<meta property=\"og:description\" content=\"Chi Sono Mi chiamo Andrea Mei e nasco come chef di cucina professionista con una lunga carriera internazionale. Dal 2006 colleziono e studio filatelia con un focus su area classica estera: Stati Uniti, Regno Unito, Commonwealth e pi\u00f9 in generale classici di Svizzera, Francia, Giappone, paesi scandinavi e Islanda. La mia passione e la mia [&hellip;]\" \/>\n<meta property=\"og:url\" content=\"https:\/\/andrewmay73.com\/chi-sono\/\" \/>\n<meta property=\"og:site_name\" content=\"AndrewMay73\" \/>\n<meta property=\"article:modified_time\" content=\"2024-06-06T13:52:00+00:00\" \/>\n<meta property=\"og:image\" content=\"https:\/\/andrewmay73.com\/wp-content\/uploads\/2024\/06\/sfondi-12-1024x659.jpg\" \/>\n<meta name=\"twitter:card\" content=\"summary_large_image\" \/>\n<meta name=\"twitter:label1\" content=\"Tempo di lettura stimato\" \/>\n\t<meta name=\"twitter:data1\" content=\"4 minuti\" \/>\n<script type=\"application\/ld+json\" class=\"yoast-schema-graph\">{\"@context\":\"https:\/\/schema.org\",\"@graph\":[{\"@type\":\"WebPage\",\"@id\":\"https:\/\/andrewmay73.com\/chi-sono\/\",\"url\":\"https:\/\/andrewmay73.com\/chi-sono\/\",\"name\":\"Chi Sono - AndrewMay73\",\"isPartOf\":{\"@id\":\"https:\/\/andrewmay73.com\/#website\"},\"primaryImageOfPage\":{\"@id\":\"https:\/\/andrewmay73.com\/chi-sono\/#primaryimage\"},\"image\":{\"@id\":\"https:\/\/andrewmay73.com\/chi-sono\/#primaryimage\"},\"thumbnailUrl\":\"https:\/\/andrewmay73.com\/wp-content\/uploads\/2024\/06\/sfondi-12-1024x659.jpg\",\"datePublished\":\"2024-04-22T09:06:25+00:00\",\"dateModified\":\"2024-06-06T13:52:00+00:00\",\"breadcrumb\":{\"@id\":\"https:\/\/andrewmay73.com\/chi-sono\/#breadcrumb\"},\"inLanguage\":\"it-IT\",\"potentialAction\":[{\"@type\":\"ReadAction\",\"target\":[\"https:\/\/andrewmay73.com\/chi-sono\/\"]}]},{\"@type\":\"ImageObject\",\"inLanguage\":\"it-IT\",\"@id\":\"https:\/\/andrewmay73.com\/chi-sono\/#primaryimage\",\"url\":\"https:\/\/andrewmay73.com\/wp-content\/uploads\/2024\/06\/sfondi-12-1024x659.jpg\",\"contentUrl\":\"https:\/\/andrewmay73.com\/wp-content\/uploads\/2024\/06\/sfondi-12-1024x659.jpg\"},{\"@type\":\"BreadcrumbList\",\"@id\":\"https:\/\/andrewmay73.com\/chi-sono\/#breadcrumb\",\"itemListElement\":[{\"@type\":\"ListItem\",\"position\":1,\"name\":\"Home\",\"item\":\"https:\/\/andrewmay73.com\/\"},{\"@type\":\"ListItem\",\"position\":2,\"name\":\"Chi Sono\"}]},{\"@type\":\"WebSite\",\"@id\":\"https:\/\/andrewmay73.com\/#website\",\"url\":\"https:\/\/andrewmay73.com\/\",\"name\":\"AndrewMay73\",\"description\":\"\",\"publisher\":{\"@id\":\"https:\/\/andrewmay73.com\/#organization\"},\"potentialAction\":[{\"@type\":\"SearchAction\",\"target\":{\"@type\":\"EntryPoint\",\"urlTemplate\":\"https:\/\/andrewmay73.com\/?s={search_term_string}\"},\"query-input\":{\"@type\":\"PropertyValueSpecification\",\"valueRequired\":true,\"valueName\":\"search_term_string\"}}],\"inLanguage\":\"it-IT\"},{\"@type\":\"Organization\",\"@id\":\"https:\/\/andrewmay73.com\/#organization\",\"name\":\"AndrewMay73\",\"url\":\"https:\/\/andrewmay73.com\/\",\"logo\":{\"@type\":\"ImageObject\",\"inLanguage\":\"it-IT\",\"@id\":\"https:\/\/andrewmay73.com\/#\/schema\/logo\/image\/\",\"url\":\"https:\/\/andrewmay73.com\/wp-content\/uploads\/2024\/04\/logo-andrea-anticato-8-terminato-1.png\",\"contentUrl\":\"https:\/\/andrewmay73.com\/wp-content\/uploads\/2024\/04\/logo-andrea-anticato-8-terminato-1.png\",\"width\":836,\"height\":465,\"caption\":\"AndrewMay73\"},\"image\":{\"@id\":\"https:\/\/andrewmay73.com\/#\/schema\/logo\/image\/\"}}]}<\/script>\n<!-- \/ Yoast SEO plugin. -->","yoast_head_json":{"title":"Chi Sono - AndrewMay73","robots":{"index":"index","follow":"follow","max-snippet":"max-snippet:-1","max-image-preview":"max-image-preview:large","max-video-preview":"max-video-preview:-1"},"canonical":"https:\/\/andrewmay73.com\/chi-sono\/","og_locale":"it_IT","og_type":"article","og_title":"Chi Sono - AndrewMay73","og_description":"Chi Sono Mi chiamo Andrea Mei e nasco come chef di cucina professionista con una lunga carriera internazionale. Dal 2006 colleziono e studio filatelia con un focus su area classica estera: Stati Uniti, Regno Unito, Commonwealth e pi\u00f9 in generale classici di Svizzera, Francia, Giappone, paesi scandinavi e Islanda. La mia passione e la mia [&hellip;]","og_url":"https:\/\/andrewmay73.com\/chi-sono\/","og_site_name":"AndrewMay73","article_modified_time":"2024-06-06T13:52:00+00:00","og_image":[{"url":"https:\/\/andrewmay73.com\/wp-content\/uploads\/2024\/06\/sfondi-12-1024x659.jpg"}],"twitter_card":"summary_large_image","twitter_misc":{"Tempo di lettura stimato":"4 minuti"},"schema":{"@context":"https:\/\/schema.org","@graph":[{"@type":"WebPage","@id":"https:\/\/andrewmay73.com\/chi-sono\/","url":"https:\/\/andrewmay73.com\/chi-sono\/","name":"Chi Sono - AndrewMay73","isPartOf":{"@id":"https:\/\/andrewmay73.com\/#website"},"primaryImageOfPage":{"@id":"https:\/\/andrewmay73.com\/chi-sono\/#primaryimage"},"image":{"@id":"https:\/\/andrewmay73.com\/chi-sono\/#primaryimage"},"thumbnailUrl":"https:\/\/andrewmay73.com\/wp-content\/uploads\/2024\/06\/sfondi-12-1024x659.jpg","datePublished":"2024-04-22T09:06:25+00:00","dateModified":"2024-06-06T13:52:00+00:00","breadcrumb":{"@id":"https:\/\/andrewmay73.com\/chi-sono\/#breadcrumb"},"inLanguage":"it-IT","potentialAction":[{"@type":"ReadAction","target":["https:\/\/andrewmay73.com\/chi-sono\/"]}]},{"@type":"ImageObject","inLanguage":"it-IT","@id":"https:\/\/andrewmay73.com\/chi-sono\/#primaryimage","url":"https:\/\/andrewmay73.com\/wp-content\/uploads\/2024\/06\/sfondi-12-1024x659.jpg","contentUrl":"https:\/\/andrewmay73.com\/wp-content\/uploads\/2024\/06\/sfondi-12-1024x659.jpg"},{"@type":"BreadcrumbList","@id":"https:\/\/andrewmay73.com\/chi-sono\/#breadcrumb","itemListElement":[{"@type":"ListItem","position":1,"name":"Home","item":"https:\/\/andrewmay73.com\/"},{"@type":"ListItem","position":2,"name":"Chi Sono"}]},{"@type":"WebSite","@id":"https:\/\/andrewmay73.com\/#website","url":"https:\/\/andrewmay73.com\/","name":"AndrewMay73","description":"","publisher":{"@id":"https:\/\/andrewmay73.com\/#organization"},"potentialAction":[{"@type":"SearchAction","target":{"@type":"EntryPoint","urlTemplate":"https:\/\/andrewmay73.com\/?s={search_term_string}"},"query-input":{"@type":"PropertyValueSpecification","valueRequired":true,"valueName":"search_term_string"}}],"inLanguage":"it-IT"},{"@type":"Organization","@id":"https:\/\/andrewmay73.com\/#organization","name":"AndrewMay73","url":"https:\/\/andrewmay73.com\/","logo":{"@type":"ImageObject","inLanguage":"it-IT","@id":"https:\/\/andrewmay73.com\/#\/schema\/logo\/image\/","url":"https:\/\/andrewmay73.com\/wp-content\/uploads\/2024\/04\/logo-andrea-anticato-8-terminato-1.png","contentUrl":"https:\/\/andrewmay73.com\/wp-content\/uploads\/2024\/04\/logo-andrea-anticato-8-terminato-1.png","width":836,"height":465,"caption":"AndrewMay73"},"image":{"@id":"https:\/\/andrewmay73.com\/#\/schema\/logo\/image\/"}}]}},"_links":{"self":[{"href":"https:\/\/andrewmay73.com\/it\/wp-json\/wp\/v2\/pages\/197"}],"collection":[{"href":"https:\/\/andrewmay73.com\/it\/wp-json\/wp\/v2\/pages"}],"about":[{"href":"https:\/\/andrewmay73.com\/it\/wp-json\/wp\/v2\/types\/page"}],"author":[{"embeddable":true,"href":"https:\/\/andrewmay73.com\/it\/wp-json\/wp\/v2\/users\/1"}],"replies":[{"embeddable":true,"href":"https:\/\/andrewmay73.com\/it\/wp-json\/wp\/v2\/comments?post=197"}],"version-history":[{"count":31,"href":"https:\/\/andrewmay73.com\/it\/wp-json\/wp\/v2\/pages\/197\/revisions"}],"predecessor-version":[{"id":835,"href":"https:\/\/andrewmay73.com\/it\/wp-json\/wp\/v2\/pages\/197\/revisions\/835"}],"wp:attachment":[{"href":"https:\/\/andrewmay73.com\/it\/wp-json\/wp\/v2\/media?parent=197"}],"curies":[{"name":"wp","href":"https:\/\/api.w.org\/{rel}","templated":true}]}}